{"id":17974,"date":"2023-07-16T07:20:33","date_gmt":"2023-07-16T11:20:33","guid":{"rendered":"https:\/\/v2.huellandina.com\/servicios\/uncategorized\/trekking-cochamo-cerro-arcoiris-trinidad-lagoon\/"},"modified":"2024-10-14T09:33:13","modified_gmt":"2024-10-14T12:33:13","slug":"cochamo-cerro-arcoiris-trinidad-lagoon","status":"publish","type":"product","link":"https:\/\/staging.huellandina.com\/en\/tours\/trekking-and-excursion\/cochamo-cerro-arcoiris-trinidad-lagoon\/","title":{"rendered":"Trekking Cocham\u00f3, Cerro Arcoiris &amp; Trinidad lagoon"},"content":{"rendered":"<h3><b>Cocham\u00f3 is one of those places that can bring together the best of southern Chile: the simple life of its people immersed in infinite possibilities for an outdoor life experience.<\/b><\/h3>\n<p> The valley rises along the Cocham\u00f3 River, ending at the Reloncav\u00ed Fjord and connecting Chile with Argentina through &#8220;Paso El Le\u00f3n&#8221;. Its steep granite walls, which reach 1,000 vertical meters, are surrounded by thousand-year-old Alerce trees and evergreen forests, rich in wildlife and with infinite streams and waterfalls that can only be visited on foot or on horseback. Life in the valley allows us to reconnect with green energy and focus on exploring with respect, ourselves and the place where we are immersed. In this four-day trek we will visit the classic points of the valley. On our first day we will go up the access road to the sector of &#8220;La Junta&#8221;. A trekking following the marked furrow that the horses have forged, through mud and forests we will arrive at the campsite on the banks of the Cocham\u00f3 River. The place that has been a base camp for many adventurers these last two decades and from where we can start our second day. The ascent to Cerro Arcoiris does not present major technical difficulty. But it is a journey of crossing forests and steep climbs, with the aim of being able to marvel at the view from the heights, seeking to be able to size the magnitude of the valley and its granite walls. On our third day, we will approach one of the classic valley granite walls in the Trinidad valley. We will try to reach a small lagoon bordered by the hills &#8220;Gorila&#8221; and &#8220;Trinidad&#8221;. A journey of mud and green to discover the secrets that these forests keep! The program includes transportation from Puerto Varas, meals (D1, dinner; D2, breakfast and dinner; D3, breakfast and dinner; D, breakfast) and camping in La Junta (the rate per person, tents and kitchen items). Pilchero horses are also included for common cargo (meals, tents, etc.); if possible, some personal equipment (such as sleeping bags and mats) can also be sent on them, so that we travel the trail with only what is necessary for the day. <em><b>Please note<\/b>: The essential ingredient that makes Cochamo special is water, in all its different forms, including rain. The one that can make the trails muddy, but can also condition the ascent of Cerro Arcoiris due to the slippery rock, but we have a lot of options to make an excellent plan B. Also the water is guilty of making the &#8220;slides&#8221;, a natural slide in the river (only 15&#8243; from the campsite). The months of January and February are when most people visit the valley, sometimes too much. The best time is during the southern hemisphere spring and fall.<\/em><\/p>\n<p><b>You can add 1 more day to the itinerary, either as a reservation day or to do the trekking to the &#8220;Anfiteatro&#8221; (~ 6 hours \/ 14km), one of the emblematic walls of Cocham\u00f3. Let us know if you would have interest in it! (+$120.000CLP if it is 1 person; +$ 90.000CLP per person if there are 2 or more).<\/b><\/p>\n","protected":false},"excerpt":{"rendered":"<p>One of those few places that still maintain \u2013 or seek to maintain \u2013 a balance between progress and life in contact with nature. An isolated place. Which cannot be reached by motor transport, where there is no electricity or telephone signal.  A place that protects with its granite walls &#8211; of more than a thousand meters &#8211; the forests and rivers that its inhabitants have been able to enjoy and that for two decades they share with those who venture to discover this valley. A paradise for rock climbing and trekking, with endless possibilities to explore and discover pristine nature.<\/p>\n","protected":false},"featured_media":17715,"template":"","meta":{"_acf_changed":false},"actividad":[106],"zonas_de_chile":[113,112],"temporada":[124],"locacion":[154,167,110],"product_brand":[],"product_cat":[75],"product_tag":[],"class_list":{"0":"post-17974","1":"product","2":"type-product","3":"status-publish","4":"has-post-thumbnail","6":"zonas_de_chile-lakes-region","7":"zonas_de_chile-south","8":"temporada-november-to-april","9":"locacion-cochamo-en","10":"locacion-la-junta-en","11":"locacion-lakes-district","12":"product_cat-trekking-and-excursion","14":"first","15":"instock","16":"shipping-taxable","17":"purchasable","18":"product-type-simple"},"acf":[],"_links":{"self":[{"href":"https:\/\/staging.huellandina.com\/en\/wp-json\/wp\/v2\/product\/17974","targetHints":{"allow":["GET"]}}],"collection":[{"href":"https:\/\/staging.huellandina.com\/en\/wp-json\/wp\/v2\/product"}],"about":[{"href":"https:\/\/staging.huellandina.com\/en\/wp-json\/wp\/v2\/types\/product"}],"wp:featuredmedia":[{"embeddable":true,"href":"https:\/\/staging.huellandina.com\/en\/wp-json\/wp\/v2\/media\/17715"}],"wp:attachment":[{"href":"https:\/\/staging.huellandina.com\/en\/wp-json\/wp\/v2\/media?parent=17974"}],"wp:term":[{"taxonomy":"actividad","embeddable":true,"href":"https:\/\/staging.huellandina.com\/en\/wp-json\/wp\/v2\/actividad?post=17974"},{"taxonomy":"zonas_de_chile","embeddable":true,"href":"https:\/\/staging.huellandina.com\/en\/wp-json\/wp\/v2\/zonas_de_chile?post=17974"},{"taxonomy":"temporada","embeddable":true,"href":"https:\/\/staging.huellandina.com\/en\/wp-json\/wp\/v2\/temporada?post=17974"},{"taxonomy":"locacion","embeddable":true,"href":"https:\/\/staging.huellandina.com\/en\/wp-json\/wp\/v2\/locacion?post=17974"},{"taxonomy":"product_brand","embeddable":true,"href":"https:\/\/staging.huellandina.com\/en\/wp-json\/wp\/v2\/product_brand?post=17974"},{"taxonomy":"product_cat","embeddable":true,"href":"https:\/\/staging.huellandina.com\/en\/wp-json\/wp\/v2\/product_cat?post=17974"},{"taxonomy":"product_tag","embeddable":true,"href":"https:\/\/staging.huellandina.com\/en\/wp-json\/wp\/v2\/product_tag?post=17974"}],"curies":[{"name":"wp","href":"https:\/\/api.w.org\/{rel}","templated":true}]}}